{"id":80,"date":"2024-05-10T18:00:10","date_gmt":"2024-05-10T16:00:10","guid":{"rendered":"https:\/\/lestroisparques.fr\/?page_id=80"},"modified":"2024-05-11T12:13:32","modified_gmt":"2024-05-11T10:13:32","slug":"nos-projets-actuels","status":"publish","type":"page","link":"https:\/\/lestroisparques.fr\/index.php\/nos-projets-actuels\/","title":{"rendered":"Nos Projets Actuels"},"content":{"rendered":"\n<p>En 2024, l\u2019association poursuit ses activit\u00e9s en r\u00e9pondant \u00e0 pr\u00e8s de 20 appels \u00e0 projets et demandes de subvention.<\/p>\n\n\n\n<p>Les actions envisag\u00e9es sont \u00e0 destination de la population de l\u2019intercommunalit\u00e9 Bernay Terres de Normandie en lien avec diverses structures.<\/p>\n\n\n\n<p>&nbsp;&nbsp;&nbsp;&nbsp;&nbsp;&nbsp;&nbsp;&nbsp;&nbsp;&nbsp;&nbsp;&nbsp;&nbsp; <em>\u2192<\/em><em> Flash Info&nbsp;!<\/em><\/p>\n\n\n\n<p>Les trois Parques a re\u00e7u en octobre 2023 le soutien de l\u2019Agence R\u00e9gionale de Sant\u00e9 Normandie pour 3 parcours de m\u00e9diation culturelle en sant\u00e9 publique qui sont r\u00e9alis\u00e9s en 2024&nbsp;:<\/p>\n\n\n\n<ul class=\"wp-block-list\">\n<li>\u00ab&nbsp;JE SUIS&nbsp;\u00bb &#8211; m\u00e9diation culturelle en sant\u00e9 sexuelle avec l\u2019association Jules Ledein \u00e0 Mesnil-en-Ouche<\/li>\n\n\n\n<li>\u00ab&nbsp;BEAU &amp; BON&nbsp;\u00bb &#8211; m\u00e9diation culturelle en pr\u00e9vention nutrition avec l\u2019Institut M\u00e9dico-Educatif de Beaumesnil<\/li>\n\n\n\n<li>\u00ab&nbsp;IDEM, MOI AUSSI&nbsp;\u00bb &#8211; m\u00e9diation culturelle en sant\u00e9 mentale avec la Mission Locale de Bernay<\/li>\n<\/ul>\n\n\n\n<p>De plus \u2026<\/p>\n\n\n\n<p>Port\u00e9s pendant 3ans par le CCAS de Mesnil-en-Ouche, Les trois Parques a repris la coordination des ateliers \u00ab&nbsp;Face au cancer, lib\u00e9rons la parole&nbsp;\u00bb.<\/p>\n\n\n\n<p>Ateliers de soins de support en canc\u00e9rologie pour les personnes habitant l\u2019intercommunalit\u00e9 Bernay Terres de Normandie en soins ou en suivi pour un cancer, les ateliers sont gratuits et ont lieu \u00e0 Sainte Marguerite en Ouche tous les 15 jours.<\/p>\n\n\n\n<div data-wp-interactive=\"core\/file\" class=\"wp-block-file\"><object data-wp-bind--hidden=\"!state.hasPdfPreview\" hidden class=\"wp-block-file__embed\" data=\"http:\/\/lestroisparques.fr\/wp-content\/uploads\/2024\/05\/Flyer_faceaucancer_2024-1-1-1-1-2.pdf\" type=\"application\/pdf\" style=\"width:100%;height:600px\" aria-label=\"Contenu embarqu\u00e9 Flyer_faceaucancer_2024-1-1-1-1-2.\"><\/object><a id=\"wp-block-file--media-99015b20-1b8e-439f-b6f2-a5338f89ea22\" href=\"http:\/\/lestroisparques.fr\/wp-content\/uploads\/2024\/05\/Flyer_faceaucancer_2024-1-1-1-1-2.pdf\">Flyer_faceaucancer_2024-1-1-1-1-2<\/a><a href=\"http:\/\/lestroisparques.fr\/wp-content\/uploads\/2024\/05\/Flyer_faceaucancer_2024-1-1-1-1-2.pdf\" class=\"wp-block-file__button wp-element-button\" download aria-describedby=\"wp-block-file--media-99015b20-1b8e-439f-b6f2-a5338f89ea22\">Download<\/a><\/div>\n","protected":false},"excerpt":{"rendered":"<p>En 2024, l\u2019association poursuit ses activit\u00e9s en r\u00e9pondant \u00e0 pr\u00e8s de 20 appels \u00e0 projets et demandes de subvention. Les actions envisag\u00e9es sont \u00e0 destination de la population de l\u2019intercommunalit\u00e9 Bernay Terres de Normandie en lien avec diverses structures. &nbsp;&nbsp;&nbsp;&nbsp;&nbsp;&nbsp;&nbsp;&nbsp;&nbsp;&nbsp;&nbsp;&nbsp;&nbsp; \u2192 Flash Info&nbsp;! Les trois Parques a re\u00e7u en octobre 2023 le soutien de l\u2019Agence [&hellip;]<\/p>\n","protected":false},"author":1,"featured_media":0,"parent":0,"menu_order":0,"comment_status":"closed","ping_status":"closed","template":"","meta":{"footnotes":""},"class_list":["post-80","page","type-page","status-publish","hentry"],"_links":{"self":[{"href":"https:\/\/lestroisparques.fr\/index.php\/wp-json\/wp\/v2\/pages\/80","targetHints":{"allow":["GET"]}}],"collection":[{"href":"https:\/\/lestroisparques.fr\/index.php\/wp-json\/wp\/v2\/pages"}],"about":[{"href":"https:\/\/lestroisparques.fr\/index.php\/wp-json\/wp\/v2\/types\/page"}],"author":[{"embeddable":true,"href":"https:\/\/lestroisparques.fr\/index.php\/wp-json\/wp\/v2\/users\/1"}],"replies":[{"embeddable":true,"href":"https:\/\/lestroisparques.fr\/index.php\/wp-json\/wp\/v2\/comments?post=80"}],"version-history":[{"count":5,"href":"https:\/\/lestroisparques.fr\/index.php\/wp-json\/wp\/v2\/pages\/80\/revisions"}],"predecessor-version":[{"id":121,"href":"https:\/\/lestroisparques.fr\/index.php\/wp-json\/wp\/v2\/pages\/80\/revisions\/121"}],"wp:attachment":[{"href":"https:\/\/lestroisparques.fr\/index.php\/wp-json\/wp\/v2\/media?parent=80"}],"curies":[{"name":"wp","href":"https:\/\/api.w.org\/{rel}","templated":true}]}}