{"id":102,"date":"2024-05-10T18:31:09","date_gmt":"2024-05-10T16:31:09","guid":{"rendered":"https:\/\/lestroisparques.fr\/?page_id=102"},"modified":"2024-08-07T15:26:34","modified_gmt":"2024-08-07T13:26:34","slug":"nos-partenaires","status":"publish","type":"page","link":"https:\/\/lestroisparques.fr\/index.php\/nos-partenaires\/","title":{"rendered":"Nos Partenaires"},"content":{"rendered":"\n<p>Les trois Parques se pr\u00e9sente comme un concept artistique, culturel et de sant\u00e9 publique unique ayant une forte motivation et enti\u00e8rement engag\u00e9 envers le territoire et ses populations.<\/p>\n\n\n\n<p>Par sa proposition singuli\u00e8re, <strong>Les trois Parques d\u00e9veloppe un environnement favorable \u00e0 l\u2019exp\u00e9rimentation de nouvelles pratiques cr\u00e9atives et collaboratives permettant une mise en r\u00e9seau facilit\u00e9e, facteur de r\u00e9ussite<\/strong>.<\/p>\n\n\n\n<p>La clef est une approche multi-partenariale s\u2019appuyant sur les acteur\u00b7trice\u00b7s locaux.les et les communaut\u00e9s apportant partage des savoirs et d\u2019int\u00e9r\u00eats ainsi qu\u2019une dynamique d\u2019action. Pour ce faire, il y a eu un rapprochement aupr\u00e8s des institutions garantes d\u2019expertise et de soutien ainsi que des associations et de la population.<\/p>\n\n\n\n<p>Depuis 2021, Les trois Parques a pu avoir le soutien des structures suivantes&nbsp;:<\/p>\n\n\n\n<figure class=\"wp-block-image size-full\"><img loading=\"lazy\" decoding=\"async\" width=\"642\" height=\"368\" src=\"http:\/\/lestroisparques.fr\/wp-content\/uploads\/2024\/05\/Image4.png\" alt=\"\" class=\"wp-image-17\" srcset=\"https:\/\/lestroisparques.fr\/wp-content\/uploads\/2024\/05\/Image4.png 642w, https:\/\/lestroisparques.fr\/wp-content\/uploads\/2024\/05\/Image4-300x172.png 300w\" sizes=\"auto, (max-width: 642px) 100vw, 642px\" \/><\/figure>\n","protected":false},"excerpt":{"rendered":"<p>Les trois Parques se pr\u00e9sente comme un concept artistique, culturel et de sant\u00e9 publique unique ayant une forte motivation et enti\u00e8rement engag\u00e9 envers le territoire et ses populations. Par sa proposition singuli\u00e8re, Les trois Parques d\u00e9veloppe un environnement favorable \u00e0 l\u2019exp\u00e9rimentation de nouvelles pratiques cr\u00e9atives et collaboratives permettant une mise en r\u00e9seau facilit\u00e9e, facteur de [&hellip;]<\/p>\n","protected":false},"author":1,"featured_media":0,"parent":0,"menu_order":0,"comment_status":"closed","ping_status":"closed","template":"page-no-separators","meta":{"footnotes":""},"class_list":["post-102","page","type-page","status-publish","hentry"],"_links":{"self":[{"href":"https:\/\/lestroisparques.fr\/index.php\/wp-json\/wp\/v2\/pages\/102","targetHints":{"allow":["GET"]}}],"collection":[{"href":"https:\/\/lestroisparques.fr\/index.php\/wp-json\/wp\/v2\/pages"}],"about":[{"href":"https:\/\/lestroisparques.fr\/index.php\/wp-json\/wp\/v2\/types\/page"}],"author":[{"embeddable":true,"href":"https:\/\/lestroisparques.fr\/index.php\/wp-json\/wp\/v2\/users\/1"}],"replies":[{"embeddable":true,"href":"https:\/\/lestroisparques.fr\/index.php\/wp-json\/wp\/v2\/comments?post=102"}],"version-history":[{"count":2,"href":"https:\/\/lestroisparques.fr\/index.php\/wp-json\/wp\/v2\/pages\/102\/revisions"}],"predecessor-version":[{"id":185,"href":"https:\/\/lestroisparques.fr\/index.php\/wp-json\/wp\/v2\/pages\/102\/revisions\/185"}],"wp:attachment":[{"href":"https:\/\/lestroisparques.fr\/index.php\/wp-json\/wp\/v2\/media?parent=102"}],"curies":[{"name":"wp","href":"https:\/\/api.w.org\/{rel}","templated":true}]}}