{"id":100,"date":"2024-05-10T18:30:26","date_gmt":"2024-05-10T16:30:26","guid":{"rendered":"https:\/\/lestroisparques.fr\/?page_id=100"},"modified":"2024-05-11T12:44:17","modified_gmt":"2024-05-11T10:44:17","slug":"nos-projets-realises","status":"publish","type":"page","link":"https:\/\/lestroisparques.fr\/index.php\/nos-projets-realises\/","title":{"rendered":"Nos Projets r\u00e9alis\u00e9s"},"content":{"rendered":"\n<p>Depuis sa cr\u00e9ation en 2021, Les trois Parques a r\u00e9alis\u00e9 les actions suivantes&nbsp;:<\/p>\n\n\n\n<div class=\"wp-block-buttons alignfull is-content-justification-center is-layout-flex wp-container-core-buttons-is-layout-a89b3969 wp-block-buttons-is-layout-flex\">\n<div class=\"wp-block-button\"><a class=\"wp-block-button__link wp-element-button\" href=\"http:\/\/lestroisparques.fr\/index.php\/2021-2\/\">2021<\/a><\/div>\n\n\n\n<div class=\"wp-block-button\"><a class=\"wp-block-button__link wp-element-button\" href=\"http:\/\/lestroisparques.fr\/index.php\/2022-2\/\">2022<\/a><\/div>\n\n\n\n<div class=\"wp-block-button\"><a class=\"wp-block-button__link wp-element-button\" href=\"http:\/\/lestroisparques.fr\/index.php\/2023-2\/\">2023<\/a><\/div>\n\n\n\n<div class=\"wp-block-button\"><a class=\"wp-block-button__link wp-element-button\">2024<\/a><\/div>\n<\/div>\n","protected":false},"excerpt":{"rendered":"<p>Depuis sa cr\u00e9ation en 2021, Les trois Parques a r\u00e9alis\u00e9 les actions suivantes&nbsp;:<\/p>\n","protected":false},"author":1,"featured_media":0,"parent":0,"menu_order":0,"comment_status":"closed","ping_status":"closed","template":"","meta":{"footnotes":""},"class_list":["post-100","page","type-page","status-publish","hentry"],"_links":{"self":[{"href":"https:\/\/lestroisparques.fr\/index.php\/wp-json\/wp\/v2\/pages\/100","targetHints":{"allow":["GET"]}}],"collection":[{"href":"https:\/\/lestroisparques.fr\/index.php\/wp-json\/wp\/v2\/pages"}],"about":[{"href":"https:\/\/lestroisparques.fr\/index.php\/wp-json\/wp\/v2\/types\/page"}],"author":[{"embeddable":true,"href":"https:\/\/lestroisparques.fr\/index.php\/wp-json\/wp\/v2\/users\/1"}],"replies":[{"embeddable":true,"href":"https:\/\/lestroisparques.fr\/index.php\/wp-json\/wp\/v2\/comments?post=100"}],"version-history":[{"count":5,"href":"https:\/\/lestroisparques.fr\/index.php\/wp-json\/wp\/v2\/pages\/100\/revisions"}],"predecessor-version":[{"id":132,"href":"https:\/\/lestroisparques.fr\/index.php\/wp-json\/wp\/v2\/pages\/100\/revisions\/132"}],"wp:attachment":[{"href":"https:\/\/lestroisparques.fr\/index.php\/wp-json\/wp\/v2\/media?parent=100"}],"curies":[{"name":"wp","href":"https:\/\/api.w.org\/{rel}","templated":true}]}}